{"id":806,"date":"2024-04-14T20:31:04","date_gmt":"2024-04-14T23:31:04","guid":{"rendered":"https:\/\/web01.intercenter.com.br\/~nucleo\/?page_id=806"},"modified":"2024-04-14T20:35:41","modified_gmt":"2024-04-14T23:35:41","slug":"servicos","status":"publish","type":"page","link":"https:\/\/www.nucleomedical.com.br\/?page_id=806","title":{"rendered":"Servi\u00e7os"},"content":{"rendered":"<div id=\"pl-806\"  class=\"panel-layout\" ><div id=\"pg-806-0\"  class=\"panel-grid panel-no-style\" ><div id=\"pgc-806-0-0\"  class=\"panel-grid-cell\" ><div id=\"panel-806-0-0-0\" class=\"so-panel widget widget_themegrill_flash_heading tg-widget section-title-wrapper panel-first-child panel-last-child\" data-index=\"0\" ><div class=\"panel-widget-style panel-widget-style-for-806-0-0-0\" >\t<h3 class=\"section-title\">Nossos diferenciais<\/h3>\n<\/div><\/div><\/div><\/div><div id=\"pg-806-1\"  class=\"panel-grid panel-no-style\" ><div id=\"pgc-806-1-0\"  class=\"panel-grid-cell\" ><div id=\"panel-806-1-0-0\" class=\"so-panel widget widget_text panel-first-child panel-last-child\" data-index=\"1\" >\t\t\t<div class=\"textwidget\"><div id=\"df648df4-4bd2-4c5d-be86-758406dde12c\" class=\"cs-line\">\n<div class=\"cs-boxes\">\n<div id=\"f32f1827-83e2-436a-8601-da914453e9e6\" class=\"cs-box\">\n<div class=\"cs-widgets\">\n<div id=\"1723b02e-0870-44fc-bc6f-726b06881a4d\" class=\"cs-widget cs-text-widget\">\n<div class=\"text-editor\">\n<h3>Porque Nucleo Medical<\/h3>\n<\/div>\n<\/div>\n<\/div>\n<\/div>\n<\/div>\n<\/div>\n<div id=\"bdceb941-5c3e-4498-a36c-4877c92b233f\" class=\"cs-line\">\n<div class=\"cs-boxes\">\n<div id=\"d47f5a0a-8ede-45f5-881a-59661505ed7d\" class=\"cs-box\">\n<div class=\"cs-widgets\"><\/div>\n<\/div>\n<\/div>\n<\/div>\n<div id=\"f398dbeb-6bf4-469a-b591-aa00f6f62bce\" class=\"cs-line\">\n<div class=\"cs-boxes\">\n<div id=\"725566ea-8244-4e98-a797-706703cc5f31\" class=\"cs-box\">\n<div class=\"cs-widgets\">\n<div id=\"f2e8bd73-2b5b-495c-a84a-9401498ee420\" class=\"cs-widget cs-text-widget\">\n<div class=\"text-editor\">\n<p>Na Nucleo, diferenciamo-nos pela excel\u00eancia em atender diversas especialidades m\u00e9dicas. Especializados em Urologia, Ginecologia e Cirurgia Geral, oferecemos solu\u00e7\u00f5es avan\u00e7adas para profissionais de sa\u00fade. Al\u00e9m disso, nosso compromisso com a qualidade se estende ao com\u00e9rcio de produtos descart\u00e1veis, garantindo uma abordagem abrangente e confi\u00e1vel para atender \u00e0s necessidades variadas dos nossos clientes<\/p>\n<\/div>\n<\/div>\n<\/div>\n<\/div>\n<\/div>\n<\/div>\n<\/div>\n\t\t<\/div><\/div><\/div><\/div>","protected":false},"excerpt":{"rendered":"<p>Porque Nucleo Medical Na Nucleo, diferenciamo-nos pela excel\u00eancia em atender diversas especialidades m\u00e9dicas. Especializados em Urologia, Ginecologia e Cirurgia Geral, [&hellip;]<\/p>\n","protected":false},"author":1,"featured_media":812,"parent":0,"menu_order":0,"comment_status":"closed","ping_status":"closed","template":"page-templates\/pagebuilder.php","meta":{"footnotes":""},"class_list":["post-806","page","type-page","status-publish","has-post-thumbnail","hentry"],"_links":{"self":[{"href":"https:\/\/www.nucleomedical.com.br\/index.php?rest_route=\/wp\/v2\/pages\/806","targetHints":{"allow":["GET"]}}],"collection":[{"href":"https:\/\/www.nucleomedical.com.br\/index.php?rest_route=\/wp\/v2\/pages"}],"about":[{"href":"https:\/\/www.nucleomedical.com.br\/index.php?rest_route=\/wp\/v2\/types\/page"}],"author":[{"embeddable":true,"href":"https:\/\/www.nucleomedical.com.br\/index.php?rest_route=\/wp\/v2\/users\/1"}],"replies":[{"embeddable":true,"href":"https:\/\/www.nucleomedical.com.br\/index.php?rest_route=%2Fwp%2Fv2%2Fcomments&post=806"}],"version-history":[{"count":1,"href":"https:\/\/www.nucleomedical.com.br\/index.php?rest_route=\/wp\/v2\/pages\/806\/revisions"}],"predecessor-version":[{"id":807,"href":"https:\/\/www.nucleomedical.com.br\/index.php?rest_route=\/wp\/v2\/pages\/806\/revisions\/807"}],"wp:featuredmedia":[{"embeddable":true,"href":"https:\/\/www.nucleomedical.com.br\/index.php?rest_route=\/wp\/v2\/media\/812"}],"wp:attachment":[{"href":"https:\/\/www.nucleomedical.com.br\/index.php?rest_route=%2Fwp%2Fv2%2Fmedia&parent=806"}],"curies":[{"name":"wp","href":"https:\/\/api.w.org\/{rel}","templated":true}]}}