{"id":737,"date":"2017-01-02T08:36:21","date_gmt":"2017-01-02T08:36:21","guid":{"rendered":"https:\/\/demo.themegrill.com\/flash-default-2\/?page_id=17"},"modified":"2024-05-29T11:49:07","modified_gmt":"2024-05-29T14:49:07","slug":"about","status":"publish","type":"page","link":"https:\/\/www.nucleomedical.com.br\/?page_id=737","title":{"rendered":"Sobre"},"content":{"rendered":"<div id=\"pl-737\"  class=\"panel-layout\" ><div id=\"pg-737-0\"  class=\"panel-grid panel-no-style\" ><div id=\"pgc-737-0-0\"  class=\"panel-grid-cell\" ><div id=\"panel-737-0-0-0\" class=\"so-panel widget widget_themegrill_flash_heading tg-widget section-title-wrapper panel-first-child panel-last-child\" data-index=\"0\" ><div class=\"panel-widget-style panel-widget-style-for-737-0-0-0\" >\t<h3 class=\"section-title\">Sobre N\u00f3s<\/h3>\n<\/div><\/div><\/div><\/div><div id=\"pg-737-1\"  class=\"panel-grid panel-no-style\" ><div id=\"pgc-737-1-0\"  class=\"panel-grid-cell\" ><div id=\"panel-737-1-0-0\" class=\"so-panel widget widget_text panel-first-child\" data-index=\"1\" >\t\t\t<div class=\"textwidget\"><h3>Porque a Nucleo Medical<\/h3>\n<p>&nbsp;<\/p>\n<p>Somos especialistas em \u00d3rteses, Pr\u00f3teses, Materiais Especiais (OPME) e Descart\u00e1veis, oferecendo solu\u00e7\u00f5es de qualidade para profissionais de sa\u00fade e pacientes. Com foco em inova\u00e7\u00e3o, fornecemos uma variedade de produtos de alta tecnologia. Al\u00e9m disso, oferecemos uma ampla gama de materiais descart\u00e1veis para procedimentos m\u00e9dicos. Nossa equipe dedicada garante atendimento personalizado e suporte t\u00e9cnico. Parcerias com institui\u00e7\u00f5es m\u00e9dicas e compromisso com a excel\u00eancia nos tornam sua escolha confi\u00e1vel. Contate-nos para solu\u00e7\u00f5es avan\u00e7adas em OPME e materiais descart\u00e1veis, promovendo o sucesso de procedimentos cir\u00fargicos, reabilita\u00e7\u00e3o e cuidados especiais. Sua sa\u00fade \u00e9 nossa prioridade na Nucleo Medical.<\/p>\n<\/div>\n\t\t<\/div><div id=\"panel-737-1-0-1\" class=\"so-panel widget widget_text panel-last-child\" data-index=\"2\" >\t\t\t<div class=\"textwidget\"><p>&nbsp;<\/p>\n<p>&nbsp;<\/p>\n<p>&nbsp;<\/p>\n<p>_<\/p>\n<\/div>\n\t\t<\/div><\/div><\/div><\/div>","protected":false},"excerpt":{"rendered":"<p>Porque a Nucleo Medical &nbsp; Somos especialistas em \u00d3rteses, Pr\u00f3teses, Materiais Especiais (OPME) e Descart\u00e1veis, oferecendo solu\u00e7\u00f5es de qualidade para [&hellip;]<\/p>\n","protected":false},"author":1,"featured_media":0,"parent":0,"menu_order":0,"comment_status":"closed","ping_status":"closed","template":"page-templates\/pagebuilder.php","meta":{"footnotes":""},"class_list":["post-737","page","type-page","status-publish","hentry"],"_links":{"self":[{"href":"https:\/\/www.nucleomedical.com.br\/index.php?rest_route=\/wp\/v2\/pages\/737","targetHints":{"allow":["GET"]}}],"collection":[{"href":"https:\/\/www.nucleomedical.com.br\/index.php?rest_route=\/wp\/v2\/pages"}],"about":[{"href":"https:\/\/www.nucleomedical.com.br\/index.php?rest_route=\/wp\/v2\/types\/page"}],"author":[{"embeddable":true,"href":"https:\/\/www.nucleomedical.com.br\/index.php?rest_route=\/wp\/v2\/users\/1"}],"replies":[{"embeddable":true,"href":"https:\/\/www.nucleomedical.com.br\/index.php?rest_route=%2Fwp%2Fv2%2Fcomments&post=737"}],"version-history":[{"count":4,"href":"https:\/\/www.nucleomedical.com.br\/index.php?rest_route=\/wp\/v2\/pages\/737\/revisions"}],"predecessor-version":[{"id":826,"href":"https:\/\/www.nucleomedical.com.br\/index.php?rest_route=\/wp\/v2\/pages\/737\/revisions\/826"}],"wp:attachment":[{"href":"https:\/\/www.nucleomedical.com.br\/index.php?rest_route=%2Fwp%2Fv2%2Fmedia&parent=737"}],"curies":[{"name":"wp","href":"https:\/\/api.w.org\/{rel}","templated":true}]}}